{"id":945,"date":"2016-07-15T14:16:43","date_gmt":"2016-07-15T14:16:43","guid":{"rendered":"http:\/\/test.kriesi.at\/enfold-medical\/?page_id=945"},"modified":"2024-05-28T12:57:11","modified_gmt":"2024-05-28T12:57:11","slug":"news","status":"publish","type":"page","link":"https:\/\/investigacao.ipiaget.org\/?page_id=945","title":{"rendered":"News"},"content":{"rendered":"<div  class='flex_column av-gz5i1-6d695d0da0a6db4599973bc658374cf5 av_one_full  avia-builder-el-0  el_before_av_blog  avia-builder-el-first  first flex_column_div  '     ><section  class='av_textblock_section av-lw9520cd-9efc546f96929392b26e6b58fe6e6b8a '   itemscope=\"itemscope\" itemtype=\"https:\/\/schema.org\/CreativeWork\" ><div class='avia_textblock'  itemprop=\"text\" ><h1>Stay Updated<\/h1>\n<p>with the Latest News and Trends<\/p>\n<\/div><\/section><\/div>\n<div  data-slideshow-options=\"{&quot;animation&quot;:&quot;fade&quot;,&quot;autoplay&quot;:false,&quot;loop_autoplay&quot;:&quot;once&quot;,&quot;interval&quot;:5,&quot;loop_manual&quot;:&quot;manual-endless&quot;,&quot;autoplay_stopper&quot;:false,&quot;noNavigation&quot;:false,&quot;show_slide_delay&quot;:90}\" class='avia-content-slider avia-content-grid-active avia-content-slider1 avia-content-slider-odd  avia-builder-el-2  el_after_av_one_full  avia-builder-el-last  av-slideshow-ui av-control-default   av-no-slider-navigation av-slideshow-manual av-loop-once av-loop-manual-endless '  itemscope=\"itemscope\" itemtype=\"https:\/\/schema.org\/Blog\" ><div class=\"avia-content-slider-inner\"><div class=\"slide-entry-wrap\"><article class='slide-entry flex_column  post-entry post-entry-2845 slide-entry-overview slide-loop-1 slide-parity-odd  av_one_third first real-thumbnail posttype-post post-format-standard'  itemscope=\"itemscope\" itemtype=\"https:\/\/schema.org\/CreativeWork\" ><a href='https:\/\/investigacao.ipiaget.org\/?p=2845' data-rel='slide-1' class='slide-image' title='INSIGHT abre concursos para atribui\u00e7\u00e3o de Bolsas de Doutoramento'><img decoding=\"async\" fetchpriority=\"high\" width=\"495\" height=\"335\" src=\"https:\/\/investigacao.ipiaget.org\/wp-content\/uploads\/2026\/03\/Bolsas-de-investigacao-INSIGHT-495x335.png\" class=\"wp-image-2864 avia-img-lazy-loading-not-2864 attachment-portfolio size-portfolio wp-post-image\" alt=\"\" \/><\/a><div class=\"slide-content\"><header class=\"entry-content-header\"><h3 class='slide-entry-title entry-title '  itemprop=\"headline\" ><a href='https:\/\/investigacao.ipiaget.org\/?p=2845' title='INSIGHT abre concursos para atribui\u00e7\u00e3o de Bolsas de Doutoramento'>INSIGHT abre concursos para atribui\u00e7\u00e3o de Bolsas de Doutoramento<\/a><\/h3><span class=\"av-vertical-delimiter\"><\/span><\/header><div class=\"slide-meta\"><time class='slide-meta-time updated'  itemprop=\"datePublished\" datetime=\"2026-03-18T12:43:50+00:00\" >March 18, 2026<\/time><div class=\"slide-meta-del\">\/<\/div><div class=\"slide-meta-comments\"><a href='https:\/\/investigacao.ipiaget.org\/?p=2845#respond'>0 Comments<\/a><\/div><\/div><div class='slide-entry-excerpt entry-content'  itemprop=\"text\" >\nO Centro de Investiga\u00e7\u00e3o INSIGHT tem abertos novos editais\u2026<\/div><\/div><footer class=\"entry-footer\"><\/footer><span class='hidden'>\n\t\t\t\t<span class='av-structured-data'  itemprop=\"image\" itemscope=\"itemscope\" itemtype=\"https:\/\/schema.org\/ImageObject\" >\n\t\t\t\t\t\t<span itemprop='url'>https:\/\/investigacao.ipiaget.org\/wp-content\/uploads\/2026\/03\/Bolsas-de-investigacao-INSIGHT.png<\/span>\n\t\t\t\t\t\t<span itemprop='height'>335<\/span>\n\t\t\t\t\t\t<span itemprop='width'>705<\/span>\n\t\t\t\t<\/span>\n\t\t\t\t<span class='av-structured-data'  itemprop=\"publisher\" itemtype=\"https:\/\/schema.org\/Organization\" itemscope=\"itemscope\" >\n\t\t\t\t\t\t<span itemprop='name'>filipesantiago<\/span>\n\t\t\t\t\t\t<span itemprop='logo' itemscope itemtype='https:\/\/schema.org\/ImageObject'>\n\t\t\t\t\t\t\t<span itemprop='url'>https:\/\/investigacao.ipiaget.org\/wp-content\/uploads\/2024\/04\/Indigo-Modern-AI-Company-Logo-500-x-219-px-2-300x131.png<\/span>\n\t\t\t\t\t\t<\/span>\n\t\t\t\t<\/span><span class='av-structured-data'  itemprop=\"author\" itemscope=\"itemscope\" itemtype=\"https:\/\/schema.org\/Person\" ><span itemprop='name'>filipesantiago<\/span><\/span><span class='av-structured-data'  itemprop=\"datePublished\" datetime=\"2016-07-15T14:16:43+00:00\" >2026-03-18 12:43:50<\/span><span class='av-structured-data'  itemprop=\"dateModified\" itemtype=\"https:\/\/schema.org\/dateModified\" >2026-03-27 20:02:19<\/span><span class='av-structured-data'  itemprop=\"mainEntityOfPage\" itemtype=\"https:\/\/schema.org\/mainEntityOfPage\" ><span itemprop='name'>INSIGHT abre concursos para atribui\u00e7\u00e3o de Bolsas de Doutoramento<\/span><\/span><\/span><\/article><article class='slide-entry flex_column  post-entry post-entry-2712 slide-entry-overview slide-loop-2 slide-parity-even  av_one_third  real-thumbnail posttype-post post-format-standard'  itemscope=\"itemscope\" itemtype=\"https:\/\/schema.org\/CreativeWork\" ><a href='https:\/\/investigacao.ipiaget.org\/?p=2712' data-rel='slide-1' class='slide-image' title='Projeto EPRIS distinguido em pr\u00e9mio ibero-americano'><img decoding=\"async\" fetchpriority=\"high\" width=\"495\" height=\"400\" src=\"https:\/\/investigacao.ipiaget.org\/wp-content\/uploads\/2024\/10\/img-epris-495x400.jpg\" class=\"wp-image-2713 avia-img-lazy-loading-not-2713 attachment-portfolio size-portfolio wp-post-image\" alt=\"\" srcset=\"https:\/\/investigacao.ipiaget.org\/wp-content\/uploads\/2024\/10\/img-epris-495x400.jpg 495w, https:\/\/investigacao.ipiaget.org\/wp-content\/uploads\/2024\/10\/img-epris-845x684.jpg 845w\" sizes=\"(max-width: 495px) 100vw, 495px\" \/><\/a><div class=\"slide-content\"><header class=\"entry-content-header\"><h3 class='slide-entry-title entry-title '  itemprop=\"headline\" ><a href='https:\/\/investigacao.ipiaget.org\/?p=2712' title='Projeto EPRIS distinguido em pr\u00e9mio ibero-americano'>Projeto EPRIS distinguido em pr\u00e9mio ibero-americano<\/a><\/h3><span class=\"av-vertical-delimiter\"><\/span><\/header><div class=\"slide-meta\"><time class='slide-meta-time updated'  itemprop=\"datePublished\" datetime=\"2024-07-06T09:52:00+00:00\" >July 6, 2024<\/time><div class=\"slide-meta-del\">\/<\/div><div class=\"slide-meta-comments\"><a href='https:\/\/investigacao.ipiaget.org\/?p=2712#respond'>0 Comments<\/a><\/div><\/div><div class='slide-entry-excerpt entry-content'  itemprop=\"text\" >\nO projeto EPRIS, um programa pioneiro do Instituto Piaget de\u2026<\/div><\/div><footer class=\"entry-footer\"><\/footer><span class='hidden'>\n\t\t\t\t<span class='av-structured-data'  itemprop=\"image\" itemscope=\"itemscope\" itemtype=\"https:\/\/schema.org\/ImageObject\" >\n\t\t\t\t\t\t<span itemprop='url'>https:\/\/investigacao.ipiaget.org\/wp-content\/uploads\/2024\/10\/img-epris.jpg<\/span>\n\t\t\t\t\t\t<span itemprop='height'>1080<\/span>\n\t\t\t\t\t\t<span itemprop='width'>1920<\/span>\n\t\t\t\t<\/span>\n\t\t\t\t<span class='av-structured-data'  itemprop=\"publisher\" itemtype=\"https:\/\/schema.org\/Organization\" itemscope=\"itemscope\" >\n\t\t\t\t\t\t<span itemprop='name'>filipesantiago<\/span>\n\t\t\t\t\t\t<span itemprop='logo' itemscope itemtype='https:\/\/schema.org\/ImageObject'>\n\t\t\t\t\t\t\t<span itemprop='url'>https:\/\/investigacao.ipiaget.org\/wp-content\/uploads\/2024\/04\/Indigo-Modern-AI-Company-Logo-500-x-219-px-2-300x131.png<\/span>\n\t\t\t\t\t\t<\/span>\n\t\t\t\t<\/span><span class='av-structured-data'  itemprop=\"author\" itemscope=\"itemscope\" itemtype=\"https:\/\/schema.org\/Person\" ><span itemprop='name'>filipesantiago<\/span><\/span><span class='av-structured-data'  itemprop=\"datePublished\" datetime=\"2016-07-15T14:16:43+00:00\" >2024-07-06 09:52:00<\/span><span class='av-structured-data'  itemprop=\"dateModified\" itemtype=\"https:\/\/schema.org\/dateModified\" >2024-10-09 09:53:47<\/span><span class='av-structured-data'  itemprop=\"mainEntityOfPage\" itemtype=\"https:\/\/schema.org\/mainEntityOfPage\" ><span itemprop='name'>Projeto EPRIS distinguido em pr\u00e9mio ibero-americano<\/span><\/span><\/span><\/article><article class='slide-entry flex_column  post-entry post-entry-2589 slide-entry-overview slide-loop-3 slide-parity-odd  av_one_third  real-thumbnail posttype-post post-format-standard'  itemscope=\"itemscope\" itemtype=\"https:\/\/schema.org\/CreativeWork\" ><a href='https:\/\/investigacao.ipiaget.org\/?p=2589' data-rel='slide-1' class='slide-image' title='Supera-te: um programa inovador de combate ao abandono escolar'><img decoding=\"async\" fetchpriority=\"high\" width=\"495\" height=\"400\" src=\"https:\/\/investigacao.ipiaget.org\/wp-content\/uploads\/2024\/07\/img-biblioteca-vn-gaia-495x400.jpg\" class=\"wp-image-2590 avia-img-lazy-loading-not-2590 attachment-portfolio size-portfolio wp-post-image\" alt=\"\" srcset=\"https:\/\/investigacao.ipiaget.org\/wp-content\/uploads\/2024\/07\/img-biblioteca-vn-gaia-495x400.jpg 495w, https:\/\/investigacao.ipiaget.org\/wp-content\/uploads\/2024\/07\/img-biblioteca-vn-gaia-845x684.jpg 845w\" sizes=\"(max-width: 495px) 100vw, 495px\" \/><\/a><div class=\"slide-content\"><header class=\"entry-content-header\"><h3 class='slide-entry-title entry-title '  itemprop=\"headline\" ><a href='https:\/\/investigacao.ipiaget.org\/?p=2589' title='Supera-te: um programa inovador de combate ao abandono escolar'>Supera-te: um programa inovador de combate ao abandono escolar<\/a><\/h3><span class=\"av-vertical-delimiter\"><\/span><\/header><div class=\"slide-meta\"><time class='slide-meta-time updated'  itemprop=\"datePublished\" datetime=\"2024-07-05T11:13:40+00:00\" >July 5, 2024<\/time><div class=\"slide-meta-del\">\/<\/div><div class=\"slide-meta-comments\"><a href='https:\/\/investigacao.ipiaget.org\/?p=2589#respond'>0 Comments<\/a><\/div><\/div><div class='slide-entry-excerpt entry-content'  itemprop=\"text\" >\nO Instituto Piaget p\u00f4s em marcha um inovador programa de promo\u00e7\u00e3o\u2026<\/div><\/div><footer class=\"entry-footer\"><\/footer><span class='hidden'>\n\t\t\t\t<span class='av-structured-data'  itemprop=\"image\" itemscope=\"itemscope\" itemtype=\"https:\/\/schema.org\/ImageObject\" >\n\t\t\t\t\t\t<span itemprop='url'>https:\/\/investigacao.ipiaget.org\/wp-content\/uploads\/2024\/07\/img-biblioteca-vn-gaia.jpg<\/span>\n\t\t\t\t\t\t<span itemprop='height'>1080<\/span>\n\t\t\t\t\t\t<span itemprop='width'>1920<\/span>\n\t\t\t\t<\/span>\n\t\t\t\t<span class='av-structured-data'  itemprop=\"publisher\" itemtype=\"https:\/\/schema.org\/Organization\" itemscope=\"itemscope\" >\n\t\t\t\t\t\t<span itemprop='name'>filipesantiago<\/span>\n\t\t\t\t\t\t<span itemprop='logo' itemscope itemtype='https:\/\/schema.org\/ImageObject'>\n\t\t\t\t\t\t\t<span itemprop='url'>https:\/\/investigacao.ipiaget.org\/wp-content\/uploads\/2024\/04\/Indigo-Modern-AI-Company-Logo-500-x-219-px-2-300x131.png<\/span>\n\t\t\t\t\t\t<\/span>\n\t\t\t\t<\/span><span class='av-structured-data'  itemprop=\"author\" itemscope=\"itemscope\" itemtype=\"https:\/\/schema.org\/Person\" ><span itemprop='name'>filipesantiago<\/span><\/span><span class='av-structured-data'  itemprop=\"datePublished\" datetime=\"2016-07-15T14:16:43+00:00\" >2024-07-05 11:13:40<\/span><span class='av-structured-data'  itemprop=\"dateModified\" itemtype=\"https:\/\/schema.org\/dateModified\" >2024-07-26 11:15:07<\/span><span class='av-structured-data'  itemprop=\"mainEntityOfPage\" itemtype=\"https:\/\/schema.org\/mainEntityOfPage\" ><span itemprop='name'>Supera-te: um programa inovador de combate ao abandono escolar<\/span><\/span><\/span><\/article><\/div><div class=\"slide-entry-wrap\"><article class='slide-entry flex_column  post-entry post-entry-2393 slide-entry-overview slide-loop-4 slide-parity-odd  av_one_third first real-thumbnail posttype-post post-format-standard'  itemscope=\"itemscope\" itemtype=\"https:\/\/schema.org\/CreativeWork\" ><a href='https:\/\/investigacao.ipiaget.org\/?p=2393' data-rel='slide-1' class='slide-image' title='Professores do Piaget participam em reuni\u00e3o do projeto europeu Arrowhead'><img decoding=\"async\" fetchpriority=\"high\" width=\"495\" height=\"400\" src=\"https:\/\/investigacao.ipiaget.org\/wp-content\/uploads\/2024\/07\/projeto-arrowhead_1920x1080-495x400.jpg\" class=\"wp-image-2394 avia-img-lazy-loading-not-2394 attachment-portfolio size-portfolio wp-post-image\" alt=\"\" srcset=\"https:\/\/investigacao.ipiaget.org\/wp-content\/uploads\/2024\/07\/projeto-arrowhead_1920x1080-495x400.jpg 495w, https:\/\/investigacao.ipiaget.org\/wp-content\/uploads\/2024\/07\/projeto-arrowhead_1920x1080-845x684.jpg 845w\" sizes=\"(max-width: 495px) 100vw, 495px\" \/><\/a><div class=\"slide-content\"><header class=\"entry-content-header\"><h3 class='slide-entry-title entry-title '  itemprop=\"headline\" ><a href='https:\/\/investigacao.ipiaget.org\/?p=2393' title='Professores do Piaget participam em reuni\u00e3o do projeto europeu Arrowhead'>Professores do Piaget participam em reuni\u00e3o do projeto europeu Arrowhead<\/a><\/h3><span class=\"av-vertical-delimiter\"><\/span><\/header><div class=\"slide-meta\"><time class='slide-meta-time updated'  itemprop=\"datePublished\" datetime=\"2024-06-25T16:55:00+00:00\" >June 25, 2024<\/time><div class=\"slide-meta-del\">\/<\/div><div class=\"slide-meta-comments\"><a href='https:\/\/investigacao.ipiaget.org\/?p=2393#respond'>0 Comments<\/a><\/div><\/div><div class='slide-entry-excerpt entry-content'  itemprop=\"text\" >\nOs professores Paulo Pinheiro e Lu\u00eds Moreira participaram nos\u2026<\/div><\/div><footer class=\"entry-footer\"><\/footer><span class='hidden'>\n\t\t\t\t<span class='av-structured-data'  itemprop=\"image\" itemscope=\"itemscope\" itemtype=\"https:\/\/schema.org\/ImageObject\" >\n\t\t\t\t\t\t<span itemprop='url'>https:\/\/investigacao.ipiaget.org\/wp-content\/uploads\/2024\/07\/projeto-arrowhead_1920x1080.jpg<\/span>\n\t\t\t\t\t\t<span itemprop='height'>1080<\/span>\n\t\t\t\t\t\t<span itemprop='width'>1920<\/span>\n\t\t\t\t<\/span>\n\t\t\t\t<span class='av-structured-data'  itemprop=\"publisher\" itemtype=\"https:\/\/schema.org\/Organization\" itemscope=\"itemscope\" >\n\t\t\t\t\t\t<span itemprop='name'>filipesantiago<\/span>\n\t\t\t\t\t\t<span itemprop='logo' itemscope itemtype='https:\/\/schema.org\/ImageObject'>\n\t\t\t\t\t\t\t<span itemprop='url'>https:\/\/investigacao.ipiaget.org\/wp-content\/uploads\/2024\/04\/Indigo-Modern-AI-Company-Logo-500-x-219-px-2-300x131.png<\/span>\n\t\t\t\t\t\t<\/span>\n\t\t\t\t<\/span><span class='av-structured-data'  itemprop=\"author\" itemscope=\"itemscope\" itemtype=\"https:\/\/schema.org\/Person\" ><span itemprop='name'>filipesantiago<\/span><\/span><span class='av-structured-data'  itemprop=\"datePublished\" datetime=\"2016-07-15T14:16:43+00:00\" >2024-06-25 16:55:00<\/span><span class='av-structured-data'  itemprop=\"dateModified\" itemtype=\"https:\/\/schema.org\/dateModified\" >2024-07-05 16:58:08<\/span><span class='av-structured-data'  itemprop=\"mainEntityOfPage\" itemtype=\"https:\/\/schema.org\/mainEntityOfPage\" ><span itemprop='name'>Professores do Piaget participam em reuni\u00e3o do projeto europeu Arrowhead<\/span><\/span><\/span><\/article><article class='slide-entry flex_column  post-entry post-entry-2719 slide-entry-overview slide-loop-5 slide-parity-even  av_one_third  real-thumbnail posttype-post post-format-standard'  itemscope=\"itemscope\" itemtype=\"https:\/\/schema.org\/CreativeWork\" ><a href='https:\/\/investigacao.ipiaget.org\/?p=2719' data-rel='slide-1' class='slide-image' title='DigiSa\u00fade apresentado em reuni\u00e3o do projeto Erasmus+ GEMS'><img decoding=\"async\" fetchpriority=\"high\" width=\"495\" height=\"400\" src=\"https:\/\/investigacao.ipiaget.org\/wp-content\/uploads\/2024\/10\/digisaude-1920x1080-1-495x400.jpg\" class=\"wp-image-2720 avia-img-lazy-loading-not-2720 attachment-portfolio size-portfolio wp-post-image\" alt=\"\" srcset=\"https:\/\/investigacao.ipiaget.org\/wp-content\/uploads\/2024\/10\/digisaude-1920x1080-1-495x400.jpg 495w, https:\/\/investigacao.ipiaget.org\/wp-content\/uploads\/2024\/10\/digisaude-1920x1080-1-845x684.jpg 845w\" sizes=\"(max-width: 495px) 100vw, 495px\" \/><\/a><div class=\"slide-content\"><header class=\"entry-content-header\"><h3 class='slide-entry-title entry-title '  itemprop=\"headline\" ><a href='https:\/\/investigacao.ipiaget.org\/?p=2719' title='DigiSa\u00fade apresentado em reuni\u00e3o do projeto Erasmus+ GEMS'>DigiSa\u00fade apresentado em reuni\u00e3o do projeto Erasmus+ GEMS<\/a><\/h3><span class=\"av-vertical-delimiter\"><\/span><\/header><div class=\"slide-meta\"><time class='slide-meta-time updated'  itemprop=\"datePublished\" datetime=\"2024-05-14T09:57:00+00:00\" >May 14, 2024<\/time><div class=\"slide-meta-del\">\/<\/div><div class=\"slide-meta-comments\"><a href='https:\/\/investigacao.ipiaget.org\/?p=2719#respond'>0 Comments<\/a><\/div><\/div><div class='slide-entry-excerpt entry-content'  itemprop=\"text\" >\nO projeto DigiSa\u00fade \u2013 Sa\u00fade Digital Intergeracional foi\u2026<\/div><\/div><footer class=\"entry-footer\"><\/footer><span class='hidden'>\n\t\t\t\t<span class='av-structured-data'  itemprop=\"image\" itemscope=\"itemscope\" itemtype=\"https:\/\/schema.org\/ImageObject\" >\n\t\t\t\t\t\t<span itemprop='url'>https:\/\/investigacao.ipiaget.org\/wp-content\/uploads\/2024\/10\/digisaude-1920x1080-1.jpg<\/span>\n\t\t\t\t\t\t<span itemprop='height'>1080<\/span>\n\t\t\t\t\t\t<span itemprop='width'>1920<\/span>\n\t\t\t\t<\/span>\n\t\t\t\t<span class='av-structured-data'  itemprop=\"publisher\" itemtype=\"https:\/\/schema.org\/Organization\" itemscope=\"itemscope\" >\n\t\t\t\t\t\t<span itemprop='name'>filipesantiago<\/span>\n\t\t\t\t\t\t<span itemprop='logo' itemscope itemtype='https:\/\/schema.org\/ImageObject'>\n\t\t\t\t\t\t\t<span itemprop='url'>https:\/\/investigacao.ipiaget.org\/wp-content\/uploads\/2024\/04\/Indigo-Modern-AI-Company-Logo-500-x-219-px-2-300x131.png<\/span>\n\t\t\t\t\t\t<\/span>\n\t\t\t\t<\/span><span class='av-structured-data'  itemprop=\"author\" itemscope=\"itemscope\" itemtype=\"https:\/\/schema.org\/Person\" ><span itemprop='name'>filipesantiago<\/span><\/span><span class='av-structured-data'  itemprop=\"datePublished\" datetime=\"2016-07-15T14:16:43+00:00\" >2024-05-14 09:57:00<\/span><span class='av-structured-data'  itemprop=\"dateModified\" itemtype=\"https:\/\/schema.org\/dateModified\" >2024-10-09 09:59:07<\/span><span class='av-structured-data'  itemprop=\"mainEntityOfPage\" itemtype=\"https:\/\/schema.org\/mainEntityOfPage\" ><span itemprop='name'>DigiSa\u00fade apresentado em reuni\u00e3o do projeto Erasmus+ GEMS<\/span><\/span><\/span><\/article><article class='slide-entry flex_column  post-entry post-entry-1896 slide-entry-overview slide-loop-6 slide-parity-odd  post-entry-last  av_one_third  real-thumbnail posttype-post post-format-standard'  itemscope=\"itemscope\" itemtype=\"https:\/\/schema.org\/CreativeWork\" ><a href='https:\/\/investigacao.ipiaget.org\/?p=1896' data-rel='slide-1' class='slide-image' title='Piaget \u00e9 parceiro de grande projeto europeu na \u00e1rea tecnol\u00f3gica'><img decoding=\"async\" fetchpriority=\"high\" width=\"495\" height=\"400\" src=\"https:\/\/investigacao.ipiaget.org\/wp-content\/uploads\/2024\/06\/projeto-arrowhead_1920x1080-495x400.jpg\" class=\"wp-image-1898 avia-img-lazy-loading-not-1898 attachment-portfolio size-portfolio wp-post-image\" alt=\"\" srcset=\"https:\/\/investigacao.ipiaget.org\/wp-content\/uploads\/2024\/06\/projeto-arrowhead_1920x1080-495x400.jpg 495w, https:\/\/investigacao.ipiaget.org\/wp-content\/uploads\/2024\/06\/projeto-arrowhead_1920x1080-845x684.jpg 845w\" sizes=\"(max-width: 495px) 100vw, 495px\" \/><\/a><div class=\"slide-content\"><header class=\"entry-content-header\"><h3 class='slide-entry-title entry-title '  itemprop=\"headline\" ><a href='https:\/\/investigacao.ipiaget.org\/?p=1896' title='Piaget \u00e9 parceiro de grande projeto europeu na \u00e1rea tecnol\u00f3gica'>Piaget \u00e9 parceiro de grande projeto europeu na \u00e1rea tecnol\u00f3gica<\/a><\/h3><span class=\"av-vertical-delimiter\"><\/span><\/header><div class=\"slide-meta\"><time class='slide-meta-time updated'  itemprop=\"datePublished\" datetime=\"2024-02-02T15:01:00+00:00\" >February 2, 2024<\/time><div class=\"slide-meta-del\">\/<\/div><div class=\"slide-meta-comments\"><a href='https:\/\/investigacao.ipiaget.org\/?p=1896#respond'>0 Comments<\/a><\/div><\/div><div class='slide-entry-excerpt entry-content'  itemprop=\"text\" >\nO Instituto Piaget \u00e9 uma das entidades parceiras do projeto&nbsp;Arrowhead\u2026<\/div><\/div><footer class=\"entry-footer\"><\/footer><span class='hidden'>\n\t\t\t\t<span class='av-structured-data'  itemprop=\"image\" itemscope=\"itemscope\" itemtype=\"https:\/\/schema.org\/ImageObject\" >\n\t\t\t\t\t\t<span itemprop='url'>https:\/\/investigacao.ipiaget.org\/wp-content\/uploads\/2024\/06\/projeto-arrowhead_1920x1080.jpg<\/span>\n\t\t\t\t\t\t<span itemprop='height'>1080<\/span>\n\t\t\t\t\t\t<span itemprop='width'>1920<\/span>\n\t\t\t\t<\/span>\n\t\t\t\t<span class='av-structured-data'  itemprop=\"publisher\" itemtype=\"https:\/\/schema.org\/Organization\" itemscope=\"itemscope\" >\n\t\t\t\t\t\t<span itemprop='name'>filipesantiago<\/span>\n\t\t\t\t\t\t<span itemprop='logo' itemscope itemtype='https:\/\/schema.org\/ImageObject'>\n\t\t\t\t\t\t\t<span itemprop='url'>https:\/\/investigacao.ipiaget.org\/wp-content\/uploads\/2024\/04\/Indigo-Modern-AI-Company-Logo-500-x-219-px-2-300x131.png<\/span>\n\t\t\t\t\t\t<\/span>\n\t\t\t\t<\/span><span class='av-structured-data'  itemprop=\"author\" itemscope=\"itemscope\" itemtype=\"https:\/\/schema.org\/Person\" ><span itemprop='name'>filipesantiago<\/span><\/span><span class='av-structured-data'  itemprop=\"datePublished\" datetime=\"2016-07-15T14:16:43+00:00\" >2024-02-02 15:01:00<\/span><span class='av-structured-data'  itemprop=\"dateModified\" itemtype=\"https:\/\/schema.org\/dateModified\" >2024-06-10 15:03:04<\/span><span class='av-structured-data'  itemprop=\"mainEntityOfPage\" itemtype=\"https:\/\/schema.org\/mainEntityOfPage\" ><span itemprop='name'>Piaget \u00e9 parceiro de grande projeto europeu na \u00e1rea tecnol\u00f3gica<\/span><\/span><\/span><\/article><\/div><\/div><div class='pagination-wrap pagination-slider'><nav class='pagination'><span class='pagination-meta'>Page 1 of 4<\/span><span class='current'>1<\/span><a href='https:\/\/investigacao.ipiaget.org\/index.php?rest_route=%2Fwp%2Fv2%2Fpages%2F945&#038;avia-element-paging=2' class='inactive next_page' >2<\/a><a href='https:\/\/investigacao.ipiaget.org\/index.php?rest_route=%2Fwp%2Fv2%2Fpages%2F945&#038;avia-element-paging=3' class='inactive' >3<\/a><a href='https:\/\/investigacao.ipiaget.org\/index.php?rest_route=%2Fwp%2Fv2%2Fpages%2F945&#038;avia-element-paging=4' class='inactive' >4<\/a><\/nav>\n<\/div><\/div>\n","protected":false},"excerpt":{"rendered":"","protected":false},"author":1,"featured_media":0,"parent":0,"menu_order":0,"comment_status":"closed","ping_status":"closed","template":"","meta":{"footnotes":""},"class_list":["post-945","page","type-page","status-publish","hentry"],"_links":{"self":[{"href":"https:\/\/investigacao.ipiaget.org\/index.php?rest_route=\/wp\/v2\/pages\/945","targetHints":{"allow":["GET"]}}],"collection":[{"href":"https:\/\/investigacao.ipiaget.org\/index.php?rest_route=\/wp\/v2\/pages"}],"about":[{"href":"https:\/\/investigacao.ipiaget.org\/index.php?rest_route=\/wp\/v2\/types\/page"}],"author":[{"embeddable":true,"href":"https:\/\/investigacao.ipiaget.org\/index.php?rest_route=\/wp\/v2\/users\/1"}],"replies":[{"embeddable":true,"href":"https:\/\/investigacao.ipiaget.org\/index.php?rest_route=%2Fwp%2Fv2%2Fcomments&post=945"}],"version-history":[{"count":20,"href":"https:\/\/investigacao.ipiaget.org\/index.php?rest_route=\/wp\/v2\/pages\/945\/revisions"}],"predecessor-version":[{"id":1895,"href":"https:\/\/investigacao.ipiaget.org\/index.php?rest_route=\/wp\/v2\/pages\/945\/revisions\/1895"}],"wp:attachment":[{"href":"https:\/\/investigacao.ipiaget.org\/index.php?rest_route=%2Fwp%2Fv2%2Fmedia&parent=945"}],"curies":[{"name":"wp","href":"https:\/\/api.w.org\/{rel}","templated":true}]}}